{"id":75202,"date":"2024-09-25T16:39:07","date_gmt":"2024-09-25T14:39:07","guid":{"rendered":"https:\/\/holidaysim.es\/?post_type=product&#038;p=75202"},"modified":"2026-04-30T05:10:32","modified_gmt":"2026-04-30T03:10:32","slug":"turkey-5-gb-30-days","status":"publish","type":"product","link":"https:\/\/staging2.holidaysim.es\/en\/product\/turkey-5-gb-30-days\/","title":{"rendered":"Turqu\u00eda 5 GB &#8211; 30 D\u00edas"},"content":{"rendered":"<p>5G Data-only eSIM.<br \/>\nRechargeable online with no expiry.<br \/>\nOperates on the Turk Telekom\/AVEA network in Turkey.<br \/>\nThis eSIM does not cover Northern Cyprus.<br \/>\nLa eSIM no cubre Chipre del Norte. Si planeas usar los datos de tu eSIM durante un per\u00edodo de 91 d\u00edas (acumulativos) o 120 d\u00edas, debes registrar el n\u00famero IMEI de tu dispositivo en el Registro de la Identidad de Equipo Central de Turqu\u00eda (CEIR, por sus siglas en ingl\u00e9s) y pagar un impuesto \u00fanico.<br \/>\nThis eSIM doesn&#8217;t come with a phone number.<\/p>\n","protected":false},"excerpt":{"rendered":"<p>5G Data-only eSIM. Rechargeable online with no expiry. Operates on the Turk Telekom\/AVEA network in Turkey. This eSIM does not cover Northern Cyprus. La eSIM no cubre Chipre del Norte. Si planeas usar los datos de tu eSIM durante un per\u00edodo de 91 d\u00edas (acumulativos) o 120 d\u00edas, debes registrar el n\u00famero IMEI de tu [&hellip;]<\/p>\n","protected":false},"featured_media":67372,"comment_status":"open","ping_status":"closed","template":"","meta":[],"product_brand":[],"product_cat":[15,109,112],"product_tag":[],"class_list":{"0":"post-75202","1":"product","2":"type-product","3":"status-publish","4":"has-post-thumbnail","6":"product_cat-paises","7":"product_cat-asia","8":"product_cat-europa","10":"first","11":"instock","12":"virtual","13":"taxable","14":"purchasable","15":"product-type-simple"},"_links":{"self":[{"href":"https:\/\/staging2.holidaysim.es\/en\/wp-json\/wp\/v2\/product\/75202","targetHints":{"allow":["GET"]}}],"collection":[{"href":"https:\/\/staging2.holidaysim.es\/en\/wp-json\/wp\/v2\/product"}],"about":[{"href":"https:\/\/staging2.holidaysim.es\/en\/wp-json\/wp\/v2\/types\/product"}],"replies":[{"embeddable":true,"href":"https:\/\/staging2.holidaysim.es\/en\/wp-json\/wp\/v2\/comments?post=75202"}],"version-history":[{"count":2,"href":"https:\/\/staging2.holidaysim.es\/en\/wp-json\/wp\/v2\/product\/75202\/revisions"}],"predecessor-version":[{"id":79134,"href":"https:\/\/staging2.holidaysim.es\/en\/wp-json\/wp\/v2\/product\/75202\/revisions\/79134"}],"wp:featuredmedia":[{"embeddable":true,"href":"https:\/\/staging2.holidaysim.es\/en\/wp-json\/wp\/v2\/media\/67372"}],"wp:attachment":[{"href":"https:\/\/staging2.holidaysim.es\/en\/wp-json\/wp\/v2\/media?parent=75202"}],"wp:term":[{"taxonomy":"product_brand","embeddable":true,"href":"https:\/\/staging2.holidaysim.es\/en\/wp-json\/wp\/v2\/product_brand?post=75202"},{"taxonomy":"product_cat","embeddable":true,"href":"https:\/\/staging2.holidaysim.es\/en\/wp-json\/wp\/v2\/product_cat?post=75202"},{"taxonomy":"product_tag","embeddable":true,"href":"https:\/\/staging2.holidaysim.es\/en\/wp-json\/wp\/v2\/product_tag?post=75202"}],"curies":[{"name":"wp","href":"https:\/\/api.w.org\/{rel}","templated":true}]}}