{"id":76093,"date":"2024-09-25T16:40:05","date_gmt":"2024-09-25T14:40:05","guid":{"rendered":"https:\/\/holidaysim.es\/?post_type=product&#038;p=76093"},"modified":"2026-05-02T00:58:58","modified_gmt":"2026-05-01T22:58:58","slug":"europe-100-gb-180-days","status":"publish","type":"product","link":"https:\/\/staging2.holidaysim.es\/en\/product\/europe-100-gb-180-days\/","title":{"rendered":"Europa 100 GB &#8211; 180 D\u00edas"},"content":{"rendered":"<p>Se aplican restricciones al uso prolongado (m\u00e1s de 91 d\u00edas) en Turqu\u00eda, de acuerdo con la legislaci\u00f3n local.<\/p>\n","protected":false},"excerpt":{"rendered":"<p>Se aplican restricciones al uso prolongado (m\u00e1s de 91 d\u00edas) en Turqu\u00eda, de acuerdo con la legislaci\u00f3n local.<\/p>\n","protected":false},"featured_media":74087,"comment_status":"open","ping_status":"closed","template":"","meta":[],"product_brand":[],"product_cat":[112],"product_tag":[],"class_list":{"0":"post-76093","1":"product","2":"type-product","3":"status-publish","4":"has-post-thumbnail","6":"product_cat-europa","8":"first","9":"instock","10":"virtual","11":"taxable","12":"purchasable","13":"product-type-simple"},"_links":{"self":[{"href":"https:\/\/staging2.holidaysim.es\/en\/wp-json\/wp\/v2\/product\/76093","targetHints":{"allow":["GET"]}}],"collection":[{"href":"https:\/\/staging2.holidaysim.es\/en\/wp-json\/wp\/v2\/product"}],"about":[{"href":"https:\/\/staging2.holidaysim.es\/en\/wp-json\/wp\/v2\/types\/product"}],"replies":[{"embeddable":true,"href":"https:\/\/staging2.holidaysim.es\/en\/wp-json\/wp\/v2\/comments?post=76093"}],"version-history":[{"count":2,"href":"https:\/\/staging2.holidaysim.es\/en\/wp-json\/wp\/v2\/product\/76093\/revisions"}],"predecessor-version":[{"id":80084,"href":"https:\/\/staging2.holidaysim.es\/en\/wp-json\/wp\/v2\/product\/76093\/revisions\/80084"}],"wp:featuredmedia":[{"embeddable":true,"href":"https:\/\/staging2.holidaysim.es\/en\/wp-json\/wp\/v2\/media\/74087"}],"wp:attachment":[{"href":"https:\/\/staging2.holidaysim.es\/en\/wp-json\/wp\/v2\/media?parent=76093"}],"wp:term":[{"taxonomy":"product_brand","embeddable":true,"href":"https:\/\/staging2.holidaysim.es\/en\/wp-json\/wp\/v2\/product_brand?post=76093"},{"taxonomy":"product_cat","embeddable":true,"href":"https:\/\/staging2.holidaysim.es\/en\/wp-json\/wp\/v2\/product_cat?post=76093"},{"taxonomy":"product_tag","embeddable":true,"href":"https:\/\/staging2.holidaysim.es\/en\/wp-json\/wp\/v2\/product_tag?post=76093"}],"curies":[{"name":"wp","href":"https:\/\/api.w.org\/{rel}","templated":true}]}}